{"id":7432,"date":"2023-04-24T13:11:46","date_gmt":"2023-04-24T11:11:46","guid":{"rendered":"https:\/\/www.miyakosushi.fr\/click-collect\/?post_type=product&#038;p=7432"},"modified":"2024-05-10T21:22:55","modified_gmt":"2024-05-10T19:22:55","slug":"daifuku-kusa-a-larmoise","status":"publish","type":"product","link":"https:\/\/www.miyakosushi.fr\/click-collect\/produit\/daifuku-kusa-a-larmoise","title":{"rendered":"*Daifuku Kusa \u00e0 l&rsquo;armoise"},"content":{"rendered":"<p>G\u00e2teau de riz gluant \u00e0 la p\u00e2te de haricot azuki, saveur armoise.<\/p>\n","protected":false},"excerpt":{"rendered":"<p>G\u00e2teau de riz gluant \u00e0 la p\u00e2te de haricot azuki, saveur armoise.<\/p>\n","protected":false},"featured_media":9706,"template":"","meta":[],"product_brand":[],"product_cat":[67],"product_tag":[],"class_list":{"0":"post-7432","1":"product","2":"type-product","3":"status-publish","4":"has-post-thumbnail","6":"product_cat-dessert","8":"first","9":"instock","10":"taxable","11":"shipping-taxable","12":"purchasable","13":"product-type-simple"},"_links":{"self":[{"href":"https:\/\/www.miyakosushi.fr\/click-collect\/wp-json\/wp\/v2\/product\/7432","targetHints":{"allow":["GET"]}}],"collection":[{"href":"https:\/\/www.miyakosushi.fr\/click-collect\/wp-json\/wp\/v2\/product"}],"about":[{"href":"https:\/\/www.miyakosushi.fr\/click-collect\/wp-json\/wp\/v2\/types\/product"}],"wp:featuredmedia":[{"embeddable":true,"href":"https:\/\/www.miyakosushi.fr\/click-collect\/wp-json\/wp\/v2\/media\/9706"}],"wp:attachment":[{"href":"https:\/\/www.miyakosushi.fr\/click-collect\/wp-json\/wp\/v2\/media?parent=7432"}],"wp:term":[{"taxonomy":"product_brand","embeddable":true,"href":"https:\/\/www.miyakosushi.fr\/click-collect\/wp-json\/wp\/v2\/product_brand?post=7432"},{"taxonomy":"product_cat","embeddable":true,"href":"https:\/\/www.miyakosushi.fr\/click-collect\/wp-json\/wp\/v2\/product_cat?post=7432"},{"taxonomy":"product_tag","embeddable":true,"href":"https:\/\/www.miyakosushi.fr\/click-collect\/wp-json\/wp\/v2\/product_tag?post=7432"}],"curies":[{"name":"wp","href":"https:\/\/api.w.org\/{rel}","templated":true}]}}