{"id":7431,"date":"2023-04-24T13:11:01","date_gmt":"2023-04-24T11:11:01","guid":{"rendered":"https:\/\/www.miyakosushi.fr\/click-collect\/?post_type=product&#038;p=7431"},"modified":"2024-05-10T21:23:46","modified_gmt":"2024-05-10T19:23:46","slug":"daifuku-shiro-haricot-rouge","status":"publish","type":"product","link":"https:\/\/www.miyakosushi.fr\/click-collect\/produit\/daifuku-shiro-haricot-rouge","title":{"rendered":"*Daifuku Shiro haricot rouge"},"content":{"rendered":"<p>G\u00e2teau de riz gluant \u00e0 la p\u00e2te de haricot azuki.<\/p>\n","protected":false},"excerpt":{"rendered":"<p>G\u00e2teau de riz gluant \u00e0 la p\u00e2te de haricot azuki.<\/p>\n","protected":false},"featured_media":9707,"template":"","meta":[],"product_brand":[],"product_cat":[67],"product_tag":[],"class_list":{"0":"post-7431","1":"product","2":"type-product","3":"status-publish","4":"has-post-thumbnail","6":"product_cat-dessert","8":"first","9":"instock","10":"taxable","11":"shipping-taxable","12":"purchasable","13":"product-type-simple"},"_links":{"self":[{"href":"https:\/\/www.miyakosushi.fr\/click-collect\/wp-json\/wp\/v2\/product\/7431","targetHints":{"allow":["GET"]}}],"collection":[{"href":"https:\/\/www.miyakosushi.fr\/click-collect\/wp-json\/wp\/v2\/product"}],"about":[{"href":"https:\/\/www.miyakosushi.fr\/click-collect\/wp-json\/wp\/v2\/types\/product"}],"wp:featuredmedia":[{"embeddable":true,"href":"https:\/\/www.miyakosushi.fr\/click-collect\/wp-json\/wp\/v2\/media\/9707"}],"wp:attachment":[{"href":"https:\/\/www.miyakosushi.fr\/click-collect\/wp-json\/wp\/v2\/media?parent=7431"}],"wp:term":[{"taxonomy":"product_brand","embeddable":true,"href":"https:\/\/www.miyakosushi.fr\/click-collect\/wp-json\/wp\/v2\/product_brand?post=7431"},{"taxonomy":"product_cat","embeddable":true,"href":"https:\/\/www.miyakosushi.fr\/click-collect\/wp-json\/wp\/v2\/product_cat?post=7431"},{"taxonomy":"product_tag","embeddable":true,"href":"https:\/\/www.miyakosushi.fr\/click-collect\/wp-json\/wp\/v2\/product_tag?post=7431"}],"curies":[{"name":"wp","href":"https:\/\/api.w.org\/{rel}","templated":true}]}}