{"id":2082,"date":"2020-08-15T21:19:23","date_gmt":"2020-08-15T19:19:23","guid":{"rendered":"https:\/\/sushi-emporter.fr\/?post_type=product&#038;p=2082"},"modified":"2024-06-12T21:49:52","modified_gmt":"2024-06-12T19:49:52","slug":"poke-bowl-saumon-grille-grand-2","status":"publish","type":"product","link":"https:\/\/www.miyakosushi.fr\/click-collect\/produit\/poke-bowl-saumon-grille-grand-2","title":{"rendered":"Poke Bowl Saumon grill\u00e9 Grand. [HSGG]"},"content":{"rendered":"<p>Saumon grill\u00e9 , Mangue et L\u00e9gumes ( avocat, edamame, concombre, carotte, tomate cerise \u2026)<br \/>\nBase aux choix: riz vinaigr\u00e9, nouille ou vermicelle de riz.<\/p>\n","protected":false},"excerpt":{"rendered":"<p>Saumon grill\u00e9 , Mangue et L\u00e9gumes ( avocat, edamame, concombre, carotte, tomate cerise \u2026) Base aux choix: riz vinaigr\u00e9, nouille ou vermicelle de riz.<\/p>\n","protected":false},"featured_media":9994,"template":"","meta":[],"product_brand":[],"product_cat":[133],"product_tag":[],"class_list":{"0":"post-2082","1":"product","2":"type-product","3":"status-publish","4":"has-post-thumbnail","6":"product_cat-poke-bowl","8":"first","9":"instock","10":"taxable","11":"shipping-taxable","12":"purchasable","13":"product-type-variable","14":"has-default-attributes"},"_links":{"self":[{"href":"https:\/\/www.miyakosushi.fr\/click-collect\/wp-json\/wp\/v2\/product\/2082","targetHints":{"allow":["GET"]}}],"collection":[{"href":"https:\/\/www.miyakosushi.fr\/click-collect\/wp-json\/wp\/v2\/product"}],"about":[{"href":"https:\/\/www.miyakosushi.fr\/click-collect\/wp-json\/wp\/v2\/types\/product"}],"wp:featuredmedia":[{"embeddable":true,"href":"https:\/\/www.miyakosushi.fr\/click-collect\/wp-json\/wp\/v2\/media\/9994"}],"wp:attachment":[{"href":"https:\/\/www.miyakosushi.fr\/click-collect\/wp-json\/wp\/v2\/media?parent=2082"}],"wp:term":[{"taxonomy":"product_brand","embeddable":true,"href":"https:\/\/www.miyakosushi.fr\/click-collect\/wp-json\/wp\/v2\/product_brand?post=2082"},{"taxonomy":"product_cat","embeddable":true,"href":"https:\/\/www.miyakosushi.fr\/click-collect\/wp-json\/wp\/v2\/product_cat?post=2082"},{"taxonomy":"product_tag","embeddable":true,"href":"https:\/\/www.miyakosushi.fr\/click-collect\/wp-json\/wp\/v2\/product_tag?post=2082"}],"curies":[{"name":"wp","href":"https:\/\/api.w.org\/{rel}","templated":true}]}}