{"id":9307,"date":"2024-03-27T14:26:32","date_gmt":"2024-03-27T13:26:32","guid":{"rendered":"https:\/\/www.miyakosushi.fr\/click-collect\/?page_id=9307"},"modified":"2024-03-27T14:26:32","modified_gmt":"2024-03-27T13:26:32","slug":"reclamation","status":"publish","type":"page","link":"https:\/\/www.miyakosushi.fr\/click-collect\/reclamation","title":{"rendered":"R\u00e9clamation"},"content":{"rendered":"\n<div class=\"wpcf7 no-js\" id=\"wpcf7-f1665-o1\" lang=\"fr-FR\" dir=\"ltr\" data-wpcf7-id=\"1665\">\n<div class=\"screen-reader-response\"><p role=\"status\" aria-live=\"polite\" aria-atomic=\"true\"><\/p> <ul><\/ul><\/div>\n<form action=\"\/click-collect\/wp-json\/wp\/v2\/pages\/9307#wpcf7-f1665-o1\" method=\"post\" class=\"wpcf7-form init\" aria-label=\"Formulaire de contact\" novalidate=\"novalidate\" data-status=\"init\">\n<fieldset class=\"hidden-fields-container\"><input type=\"hidden\" name=\"_wpcf7\" value=\"1665\" \/><input type=\"hidden\" name=\"_wpcf7_version\" value=\"6.1.4\" \/><input type=\"hidden\" name=\"_wpcf7_locale\" value=\"fr_FR\" \/><input type=\"hidden\" name=\"_wpcf7_unit_tag\" value=\"wpcf7-f1665-o1\" \/><input type=\"hidden\" name=\"_wpcf7_container_post\" value=\"0\" \/><input type=\"hidden\" name=\"_wpcf7_posted_data_hash\" value=\"\" \/><input type=\"hidden\" name=\"_wpcf7_recaptcha_response\" value=\"\" \/>\n<\/fieldset>\n<p><label> Votre nom (obligatoire)<br \/>\n<span class=\"wpcf7-form-control-wrap\" data-name=\"your-name\"><input size=\"40\" maxlength=\"400\" class=\"wpcf7-form-control wpcf7-text wpcf7-validates-as-required\" aria-required=\"true\" aria-invalid=\"false\" value=\"\" type=\"text\" name=\"your-name\" \/><\/span> <\/label>\n<\/p>\n<p><label> Votre num\u00e9ro de t\u00e9l\u00e9phone (obligatoire)<br \/>\n<span class=\"wpcf7-form-control-wrap\" data-name=\"tel\"><input size=\"40\" maxlength=\"400\" class=\"wpcf7-form-control wpcf7-tel wpcf7-validates-as-required wpcf7-text wpcf7-validates-as-tel\" aria-required=\"true\" aria-invalid=\"false\" placeholder=\"\" value=\"\" type=\"tel\" name=\"tel\" \/><\/span><\/label>\n<\/p>\n<p><label> Objet<br \/>\n<span class=\"wpcf7-form-control-wrap\" data-name=\"menu-828\"><select class=\"wpcf7-form-control wpcf7-select wpcf7-validates-as-required\" aria-required=\"true\" aria-invalid=\"false\" name=\"menu-828\"><option value=\"Autre sujet\">Autre sujet<\/option><option value=\"O\u00f9 en est ma commande\">O\u00f9 en est ma commande<\/option><option value=\"une erreur dans ma commande\">une erreur dans ma commande<\/option><\/select><\/span> <\/label>\n<\/p>\n<p><label> Votre message<br \/>\n<span class=\"wpcf7-form-control-wrap\" data-name=\"your-message\"><textarea cols=\"40\" rows=\"10\" maxlength=\"2000\" class=\"wpcf7-form-control wpcf7-textarea\" aria-invalid=\"false\" name=\"your-message\">N\u00b0 de commande:<\/textarea><\/span> <\/label>\n<\/p>\n<p><input class=\"wpcf7-form-control wpcf7-submit has-spinner\" type=\"submit\" value=\"Envoyer un Ticket\" \/>\n<\/p><div class=\"wpcf7-response-output\" aria-hidden=\"true\"><\/div>\n<\/form>\n<\/div>\n\n\n\n\n<p><\/p>\n\n\n\n<p class=\"has-text-align-center has-very-light-gray-color has-vivid-cyan-blue-background-color has-text-color has-background has-medium-font-size\">R\u00e9ponse instantan\u00e9e pendant les heures d&rsquo;ouverture.<\/p>\n","protected":false},"excerpt":{"rendered":"<p>R\u00e9ponse instantan\u00e9e pendant les heures d&rsquo;ouverture.<\/p>\n","protected":false},"author":1,"featured_media":0,"parent":0,"menu_order":0,"comment_status":"closed","ping_status":"closed","template":"","meta":{"footnotes":""},"class_list":["post-9307","page","type-page","status-publish","hentry"],"_links":{"self":[{"href":"https:\/\/www.miyakosushi.fr\/click-collect\/wp-json\/wp\/v2\/pages\/9307","targetHints":{"allow":["GET"]}}],"collection":[{"href":"https:\/\/www.miyakosushi.fr\/click-collect\/wp-json\/wp\/v2\/pages"}],"about":[{"href":"https:\/\/www.miyakosushi.fr\/click-collect\/wp-json\/wp\/v2\/types\/page"}],"author":[{"embeddable":true,"href":"https:\/\/www.miyakosushi.fr\/click-collect\/wp-json\/wp\/v2\/users\/1"}],"replies":[{"embeddable":true,"href":"https:\/\/www.miyakosushi.fr\/click-collect\/wp-json\/wp\/v2\/comments?post=9307"}],"version-history":[{"count":1,"href":"https:\/\/www.miyakosushi.fr\/click-collect\/wp-json\/wp\/v2\/pages\/9307\/revisions"}],"predecessor-version":[{"id":9308,"href":"https:\/\/www.miyakosushi.fr\/click-collect\/wp-json\/wp\/v2\/pages\/9307\/revisions\/9308"}],"wp:attachment":[{"href":"https:\/\/www.miyakosushi.fr\/click-collect\/wp-json\/wp\/v2\/media?parent=9307"}],"curies":[{"name":"wp","href":"https:\/\/api.w.org\/{rel}","templated":true}]}}